{"id":123,"date":"2024-07-12T11:28:06","date_gmt":"2024-07-12T14:28:06","guid":{"rendered":"http:\/\/creditodescomplicado.com.br\/?page_id=123"},"modified":"2024-07-20T11:03:59","modified_gmt":"2024-07-20T14:03:59","slug":"how-to-read-whatsapp-messages","status":"publish","type":"page","link":"https:\/\/creditodescomplicado.com.br\/es\/how-to-read-whatsapp-messages\/","title":{"rendered":"Monitoreo de WhatsApp: C\u00f3mo leer mensajes en tiempo real"},"content":{"rendered":"<p>Las aplicaciones de seguimiento de WhatsApp son una de las imprescindibles, que no deben a\u00f1adirse, al menos para los padres que casi siempre quieren proteger a sus hijos digitalmente. Al fin y al cabo, esta breve y eficaz red social se ha convertido en la base de toda nuestra comunicaci\u00f3n, simplificando el proceso de env\u00edo de mensajes. Ser\u00e1 mucho m\u00e1s f\u00e1cil desviar el problema o, en el peor de los casos, identificar problemas que su hijo no puede afrontar solo: bullying, acoso o simples amistades destructivas en conversaciones inapropiadas \u2013 acceda de nuevo, acceda al uso de esta forma elevada de mensajes . Finalmente, los padres tuvieron la oportunidad de dar un paso adelante y crear un entorno digital saludable para sus hijos.<\/p>\n\n\n\n<div class=\"wp-block-buttons is-content-justification-center is-layout-flex wp-container-core-buttons-is-layout-16018d1d wp-block-buttons-is-layout-flex\">\n<div class=\"wp-block-button\"><a class=\"wp-block-button__link has-background wp-element-button\" href=\"http:\/\/creditodescomplicado.com.br\/es\/monitor-whatsapp\/43\/\" style=\"background-color:#08bf4f\">\u00a1Descubra c\u00f3mo monitorear!<\/a><\/div>\n<\/div>\n\n\n\n<div class=\"wp-block-columns is-layout-flex wp-container-core-columns-is-layout-9d6595d7 wp-block-columns-is-layout-flex\">\n<div class=\"wp-block-column is-layout-flow wp-block-column-is-layout-flow\">\n<figure class=\"wp-block-image size-full\"><img loading=\"lazy\" decoding=\"async\" width=\"1024\" height=\"581\" src=\"http:\/\/creditodescomplicado.com.br\/wp-content\/uploads\/2024\/07\/Monitoramento-de-Whatsapp-1024x581.png.webp\" alt=\"\" class=\"wp-image-124\" srcset=\"https:\/\/creditodescomplicado.com.br\/wp-content\/uploads\/2024\/07\/Monitoramento-de-Whatsapp-1024x581.png.webp 1024w, https:\/\/creditodescomplicado.com.br\/wp-content\/uploads\/2024\/07\/Monitoramento-de-Whatsapp-1024x581.png-300x170.webp 300w, https:\/\/creditodescomplicado.com.br\/wp-content\/uploads\/2024\/07\/Monitoramento-de-Whatsapp-1024x581.png-768x436.webp 768w, https:\/\/creditodescomplicado.com.br\/wp-content\/uploads\/2024\/07\/Monitoramento-de-Whatsapp-1024x581.png-18x10.webp 18w\" sizes=\"auto, (max-width: 1024px) 100vw, 1024px\" \/><\/figure>\n<\/div>\n\n\n\n<div class=\"wp-block-column is-layout-flow wp-block-column-is-layout-flow\">\n<p>Dado que WhatsApp es el centro de nuestras interacciones, monitorear los chats de WhatsApp de sus hijos es esencial en estos d\u00edas. \u00a1Te presentamos lo mejor del mercado en Control Parental! Tome el control para supervisar conversaciones, administrar grupos y garantizar la seguridad y al mismo tiempo garantizar la privacidad, todo en un solo lugar.<\/p>\n\n\n\n<div class=\"wp-block-buttons is-content-justification-center is-layout-flex wp-container-core-buttons-is-layout-16018d1d wp-block-buttons-is-layout-flex\">\n<div class=\"wp-block-button\"><a class=\"wp-block-button__link wp-element-button\" href=\"http:\/\/creditodescomplicado.com.br\/es\/best-whatsapp-monitoring-apps-for-parents\/126\/\">APLICACIONES PARA MONITOREAR A LOS NI\u00d1OS<\/a><\/div>\n<\/div>\n<\/div>\n<\/div>\n\n\n\n<p>Aproveche al m\u00e1ximo su experiencia de monitoreo de chat de WhatsApp con un control sin precedentes. Para uso personal y profesional, hay disponible una amplia variedad de aplicaciones no s\u00f3lo para mejorar su experiencia en l\u00ednea, sino tambi\u00e9n para cambiarla por completo. Considerando un escenario digital, donde todos se comunican en tiempo real, es necesario. Con WhatsApp Monitor Conversations, se volvi\u00f3 m\u00e1s que urgente navegar como nunca antes por la actualizaci\u00f3n de esta plataforma actualizada, con un control m\u00e1s sofisticado y personal.<\/p>\n\n\n\n<p>Con las populares aplicaciones Monitor WhatsApp Chat surgiendo como la soluci\u00f3n perfecta para brindarle el control que necesita para cambiar la forma en que monitorea e interact\u00faa con la aplicaci\u00f3n de mensajer\u00eda m\u00e1s popular del mundo. Este art\u00edculo analiza una de estas aplicaciones y detalla cada aspecto de la aplicaci\u00f3n m\u00e1s descargada disponible hasta la fecha. Desde WhatsApp Monitor Chats hasta funciones avanzadas de privacidad para que los usuarios tengan la capacidad total de personalizar su experiencia, siga leyendo para ver por qu\u00e9 este es el mejor control parental para WhatsApp.<\/p>\n\n\n\n<div class=\"wp-block-buttons is-content-justification-center is-layout-flex wp-container-core-buttons-is-layout-16018d1d wp-block-buttons-is-layout-flex\">\n<div class=\"wp-block-button\"><a class=\"wp-block-button__link has-background wp-element-button\" href=\"http:\/\/creditodescomplicado.com.br\/es\/monitor-whatsapp\/43\/\" style=\"background-color:#08bf4f\">C\u00d3MO VER LAS CONVERSACIONES DE WHATSAPP<\/a><\/div>\n<\/div>\n\n\n\n<p class=\"has-text-align-center\"><strong>Permanecer\u00e1s en el mismo sitio web \ud83d\udd12<\/strong><\/p>","protected":false},"excerpt":{"rendered":"<p>Aplicativos de monitoramento do WhatsApp \u00e9 uma das coisas obrigat\u00f3rias, n\u00e3o se deve ser acrescentado, pelo menos para os pais que quase sempre desejam proteger seus filhos digitalmente. Afinal, essa rede social curta e eficaz se tornou a base de toda a nossa comunica\u00e7\u00e3o, simplificando o processo de envio de mensagens. Ser\u00e1 muito mais f\u00e1cil&#8230;<\/p>","protected":false},"author":1,"featured_media":125,"parent":0,"menu_order":0,"comment_status":"closed","ping_status":"closed","template":"","meta":{"_kadence_starter_templates_imported_post":false,"_kad_post_transparent":"","_kad_post_title":"","_kad_post_layout":"","_kad_post_sidebar_id":"","_kad_post_content_style":"","_kad_post_vertical_padding":"","_kad_post_feature":"","_kad_post_feature_position":"","_kad_post_header":false,"_kad_post_footer":false,"footnotes":""},"class_list":["post-123","page","type-page","status-publish","has-post-thumbnail","hentry"],"_links":{"self":[{"href":"https:\/\/creditodescomplicado.com.br\/es\/wp-json\/wp\/v2\/pages\/123","targetHints":{"allow":["GET"]}}],"collection":[{"href":"https:\/\/creditodescomplicado.com.br\/es\/wp-json\/wp\/v2\/pages"}],"about":[{"href":"https:\/\/creditodescomplicado.com.br\/es\/wp-json\/wp\/v2\/types\/page"}],"author":[{"embeddable":true,"href":"https:\/\/creditodescomplicado.com.br\/es\/wp-json\/wp\/v2\/users\/1"}],"replies":[{"embeddable":true,"href":"https:\/\/creditodescomplicado.com.br\/es\/wp-json\/wp\/v2\/comments?post=123"}],"version-history":[{"count":2,"href":"https:\/\/creditodescomplicado.com.br\/es\/wp-json\/wp\/v2\/pages\/123\/revisions"}],"predecessor-version":[{"id":153,"href":"https:\/\/creditodescomplicado.com.br\/es\/wp-json\/wp\/v2\/pages\/123\/revisions\/153"}],"wp:featuredmedia":[{"embeddable":true,"href":"https:\/\/creditodescomplicado.com.br\/es\/wp-json\/wp\/v2\/media\/125"}],"wp:attachment":[{"href":"https:\/\/creditodescomplicado.com.br\/es\/wp-json\/wp\/v2\/media?parent=123"}],"curies":[{"name":"wp","href":"https:\/\/api.w.org\/{rel}","templated":true}]}}