{"id":123,"date":"2024-07-12T11:28:06","date_gmt":"2024-07-12T14:28:06","guid":{"rendered":"http:\/\/creditodescomplicado.com.br\/?page_id=123"},"modified":"2024-07-20T11:03:59","modified_gmt":"2024-07-20T14:03:59","slug":"how-to-read-whatsapp-messages","status":"publish","type":"page","link":"https:\/\/creditodescomplicado.com.br\/id\/how-to-read-whatsapp-messages\/","title":{"rendered":"Pemantauan WhatsApp: Cara membaca pesan secara real time"},"content":{"rendered":"<p>Aplikasi pemantauan WhatsApp adalah salah satu yang wajib dimiliki, apalagi ditambah, setidaknya bagi orang tua yang hampir selalu ingin melindungi anak-anaknya secara digital. Bagaimanapun, jejaring sosial yang singkat dan efektif ini telah menjadi dasar semua komunikasi kita, menyederhanakan proses pengiriman pesan. Akan lebih mudah untuk mengalihkan masalah atau, paling buruk, mengidentifikasi masalah yang tidak dapat ditangani sendiri oleh anak Anda: intimidasi, pelecehan, atau pertemanan sederhana yang merusak dalam percakapan yang tidak pantas \u2013 akses lagi, akses penggunaan cara pesan yang luhur ini . Akhirnya, orang tua mendapat kesempatan untuk meningkatkan dan menciptakan lingkungan digital yang sehat untuk anak-anak mereka.<\/p>\n\n\n\n<div class=\"wp-block-buttons is-content-justification-center is-layout-flex wp-container-core-buttons-is-layout-16018d1d wp-block-buttons-is-layout-flex\">\n<div class=\"wp-block-button\"><a class=\"wp-block-button__link has-background wp-element-button\" href=\"http:\/\/creditodescomplicado.com.br\/id\/monitor-whatsapp\/43\/\" style=\"background-color:#08bf4f\">Cari tahu cara memantau!<\/a><\/div>\n<\/div>\n\n\n\n<div class=\"wp-block-columns is-layout-flex wp-container-core-columns-is-layout-9d6595d7 wp-block-columns-is-layout-flex\">\n<div class=\"wp-block-column is-layout-flow wp-block-column-is-layout-flow\">\n<figure class=\"wp-block-image size-full\"><img loading=\"lazy\" decoding=\"async\" width=\"1024\" height=\"581\" src=\"http:\/\/creditodescomplicado.com.br\/wp-content\/uploads\/2024\/07\/Monitoramento-de-Whatsapp-1024x581.png.webp\" alt=\"\" class=\"wp-image-124\" srcset=\"https:\/\/creditodescomplicado.com.br\/wp-content\/uploads\/2024\/07\/Monitoramento-de-Whatsapp-1024x581.png.webp 1024w, https:\/\/creditodescomplicado.com.br\/wp-content\/uploads\/2024\/07\/Monitoramento-de-Whatsapp-1024x581.png-300x170.webp 300w, https:\/\/creditodescomplicado.com.br\/wp-content\/uploads\/2024\/07\/Monitoramento-de-Whatsapp-1024x581.png-768x436.webp 768w, https:\/\/creditodescomplicado.com.br\/wp-content\/uploads\/2024\/07\/Monitoramento-de-Whatsapp-1024x581.png-18x10.webp 18w\" sizes=\"auto, (max-width: 1024px) 100vw, 1024px\" \/><\/figure>\n<\/div>\n\n\n\n<div class=\"wp-block-column is-layout-flow wp-block-column-is-layout-flow\">\n<p>Dengan WhatsApp menjadi pusat interaksi kita, memantau obrolan WhatsApp anak-anak Anda menjadi hal yang penting saat ini. Kami mempersembahkan yang terbaik di pasaran dalam Kontrol Orang Tua! Ambil kendali untuk mengawasi percakapan, mengelola grup, dan memastikan keamanan sekaligus memastikan privasi, semuanya di satu tempat.<\/p>\n\n\n\n<div class=\"wp-block-buttons is-content-justification-center is-layout-flex wp-container-core-buttons-is-layout-16018d1d wp-block-buttons-is-layout-flex\">\n<div class=\"wp-block-button\"><a class=\"wp-block-button__link wp-element-button\" href=\"http:\/\/creditodescomplicado.com.br\/id\/best-whatsapp-monitoring-apps-for-parents\/126\/\">APLIKASI UNTUK MEMANTAU ANAK<\/a><\/div>\n<\/div>\n<\/div>\n<\/div>\n\n\n\n<p>Maksimalkan pengalaman Pemantauan Obrolan WhatsApp Anda dengan Kontrol yang belum pernah ada sebelumnya. Untuk penggunaan pribadi dan profesional, beragam aplikasi tersedia tidak hanya untuk meningkatkan pengalaman online Anda, namun untuk mengubahnya sepenuhnya. Mengingat skenario digital, di mana setiap orang berkomunikasi secara real time, hal ini diperlukan. Dengan WhatsApp Monitor Conversations, menavigasi pembaruan platform yang diperbarui ini menjadi lebih mendesak dengan cara yang belum pernah ada sebelumnya, dengan kontrol yang lebih canggih dan pribadi.<\/p>\n\n\n\n<p>Dengan munculnya aplikasi Monitor Obrolan WhatsApp yang populer sebagai solusi sempurna untuk memberi Anda kendali, Anda perlu mengubah cara Anda memantau dan berinteraksi dengan aplikasi perpesanan paling populer di dunia. Artikel ini membahas salah satu aplikasi ini, merinci setiap aspek dari aplikasi yang paling banyak diunduh yang tersedia hingga saat ini. Dari Obrolan Monitor WhatsApp hingga fitur Privasi tingkat lanjut sehingga pengguna memiliki kemampuan penuh untuk mempersonalisasi pengalaman mereka, baca terus untuk mengetahui mengapa ini adalah Kontrol Orang Tua terbaik untuk WhatsApp.<\/p>\n\n\n\n<div class=\"wp-block-buttons is-content-justification-center is-layout-flex wp-container-core-buttons-is-layout-16018d1d wp-block-buttons-is-layout-flex\">\n<div class=\"wp-block-button\"><a class=\"wp-block-button__link has-background wp-element-button\" href=\"http:\/\/creditodescomplicado.com.br\/id\/monitor-whatsapp\/43\/\" style=\"background-color:#08bf4f\">CARA MELIHAT PERCAKAPAN WHATSAPP<\/a><\/div>\n<\/div>\n\n\n\n<p class=\"has-text-align-center\"><strong>Anda akan tetap berada di situs web yang sama \ud83d\udd12<\/strong><\/p>","protected":false},"excerpt":{"rendered":"<p>Aplicativos de monitoramento do WhatsApp \u00e9 uma das coisas obrigat\u00f3rias, n\u00e3o se deve ser acrescentado, pelo menos para os pais que quase sempre desejam proteger seus filhos digitalmente. Afinal, essa rede social curta e eficaz se tornou a base de toda a nossa comunica\u00e7\u00e3o, simplificando o processo de envio de mensagens. Ser\u00e1 muito mais f\u00e1cil&#8230;<\/p>","protected":false},"author":1,"featured_media":125,"parent":0,"menu_order":0,"comment_status":"closed","ping_status":"closed","template":"","meta":{"_kadence_starter_templates_imported_post":false,"_kad_post_transparent":"","_kad_post_title":"","_kad_post_layout":"","_kad_post_sidebar_id":"","_kad_post_content_style":"","_kad_post_vertical_padding":"","_kad_post_feature":"","_kad_post_feature_position":"","_kad_post_header":false,"_kad_post_footer":false,"footnotes":""},"class_list":["post-123","page","type-page","status-publish","has-post-thumbnail","hentry"],"_links":{"self":[{"href":"https:\/\/creditodescomplicado.com.br\/id\/wp-json\/wp\/v2\/pages\/123","targetHints":{"allow":["GET"]}}],"collection":[{"href":"https:\/\/creditodescomplicado.com.br\/id\/wp-json\/wp\/v2\/pages"}],"about":[{"href":"https:\/\/creditodescomplicado.com.br\/id\/wp-json\/wp\/v2\/types\/page"}],"author":[{"embeddable":true,"href":"https:\/\/creditodescomplicado.com.br\/id\/wp-json\/wp\/v2\/users\/1"}],"replies":[{"embeddable":true,"href":"https:\/\/creditodescomplicado.com.br\/id\/wp-json\/wp\/v2\/comments?post=123"}],"version-history":[{"count":2,"href":"https:\/\/creditodescomplicado.com.br\/id\/wp-json\/wp\/v2\/pages\/123\/revisions"}],"predecessor-version":[{"id":153,"href":"https:\/\/creditodescomplicado.com.br\/id\/wp-json\/wp\/v2\/pages\/123\/revisions\/153"}],"wp:featuredmedia":[{"embeddable":true,"href":"https:\/\/creditodescomplicado.com.br\/id\/wp-json\/wp\/v2\/media\/125"}],"wp:attachment":[{"href":"https:\/\/creditodescomplicado.com.br\/id\/wp-json\/wp\/v2\/media?parent=123"}],"curies":[{"name":"wp","href":"https:\/\/api.w.org\/{rel}","templated":true}]}}