{"id":123,"date":"2024-07-12T11:28:06","date_gmt":"2024-07-12T14:28:06","guid":{"rendered":"http:\/\/creditodescomplicado.com.br\/?page_id=123"},"modified":"2024-07-20T11:03:59","modified_gmt":"2024-07-20T14:03:59","slug":"how-to-read-whatsapp-messages","status":"publish","type":"page","link":"https:\/\/creditodescomplicado.com.br\/ru\/how-to-read-whatsapp-messages\/","title":{"rendered":"Monitoramento de WhatsApp: Como ler as mensagens em tempo real"},"content":{"rendered":"<p>Aplicativos de monitoramento do WhatsApp \u00e9 uma das coisas obrigat\u00f3rias, n\u00e3o se deve ser acrescentado, pelo menos para os pais que quase sempre desejam proteger seus filhos digitalmente. Afinal, essa rede social curta e eficaz se tornou a base de toda a nossa comunica\u00e7\u00e3o, simplificando o processo de envio de mensagens. Ser\u00e1 muito mais f\u00e1cil desviar do problema ou, na pior das hip\u00f3teses, identificar os problemas com os quais seu filho n\u00e3o consegue lidar sozinho: bullying, ass\u00e9dio ou simples amizades destrutivas em conversas inadequadas \u2013 acess\u00e1-lo novamente, acessar o uso dessa maneira elevado de mensagens. Finalmente, os pais conseguiram uma chance de aparecer e criar um ambiente digital saud\u00e1vel para seus filhos.<\/p>\n\n\n\n<div class=\"wp-block-buttons is-content-justification-center is-layout-flex wp-container-core-buttons-is-layout-16018d1d wp-block-buttons-is-layout-flex\">\n<div class=\"wp-block-button\"><a class=\"wp-block-button__link has-background wp-element-button\" href=\"http:\/\/creditodescomplicado.com.br\/ru\/monitor-whatsapp\/43\/\" style=\"background-color:#08bf4f\">Descubra como monitorar!<\/a><\/div>\n<\/div>\n\n\n\n<div class=\"wp-block-columns is-layout-flex wp-container-core-columns-is-layout-9d6595d7 wp-block-columns-is-layout-flex\">\n<div class=\"wp-block-column is-layout-flow wp-block-column-is-layout-flow\">\n<figure class=\"wp-block-image size-full\"><img loading=\"lazy\" decoding=\"async\" width=\"1024\" height=\"581\" src=\"http:\/\/creditodescomplicado.com.br\/wp-content\/uploads\/2024\/07\/Monitoramento-de-Whatsapp-1024x581.png.webp\" alt=\"\" class=\"wp-image-124\" srcset=\"https:\/\/creditodescomplicado.com.br\/wp-content\/uploads\/2024\/07\/Monitoramento-de-Whatsapp-1024x581.png.webp 1024w, https:\/\/creditodescomplicado.com.br\/wp-content\/uploads\/2024\/07\/Monitoramento-de-Whatsapp-1024x581.png-300x170.webp 300w, https:\/\/creditodescomplicado.com.br\/wp-content\/uploads\/2024\/07\/Monitoramento-de-Whatsapp-1024x581.png-768x436.webp 768w, https:\/\/creditodescomplicado.com.br\/wp-content\/uploads\/2024\/07\/Monitoramento-de-Whatsapp-1024x581.png-18x10.webp 18w\" sizes=\"auto, (max-width: 1024px) 100vw, 1024px\" \/><\/figure>\n<\/div>\n\n\n\n<div class=\"wp-block-column is-layout-flow wp-block-column-is-layout-flow\">\n<p>Com o WhatsApp sendo o centro de nossas intera\u00e7\u00f5es, Monitorar as Conversas no WhatsApp do seus filhos \u00e9 essencial hoje em dia. Apresentamos-lhe o melhor do mercado em Controle Parental! Tome o controle para supervisionar as conversas, gerenciar grupos e assegurar a seguran\u00e7a, enquanto assegura a privacidade, tudo num s\u00f3 lugar.<\/p>\n\n\n\n<div class=\"wp-block-buttons is-content-justification-center is-layout-flex wp-container-core-buttons-is-layout-16018d1d wp-block-buttons-is-layout-flex\">\n<div class=\"wp-block-button\"><a class=\"wp-block-button__link wp-element-button\" href=\"http:\/\/creditodescomplicado.com.br\/ru\/best-whatsapp-monitoring-apps-for-parents\/126\/\">APPS PARA MONITORAR OS FILHOS<\/a><\/div>\n<\/div>\n<\/div>\n<\/div>\n\n\n\n<p>Obtenha o melhor de sua experi\u00eancia ao Monitorar Conversas no WhatsApp com o Controle sem precedentes. Para uso pessoal e profissional, uma ampla variedade de aplicativos est\u00e1 dispon\u00edvel n\u00e3o apenas para aprimorar restritamente sua experi\u00eancia on-line, mas para mudar por queira completamente. Considerando um cen\u00e1rio digital, onde todo o mundo se comunica em tempo real, \u00e9 preciso. Com o WhatsApp Monitorar Conversas, ficou mais do que urgente navegar na atualiza\u00e7\u00e3o desta plataforma atualizada como nunca antes, com um controle mais sofisticado e pessoal.<\/p>\n\n\n\n<p>Com aplicativos populares de Monitorar Conversa no WhatsApp emergindo como a solu\u00e7\u00e3o perfeita para fornecer o controle necess\u00e1rio para mudar a maneira como monitora e interage com o aplicativo de mensagem mais popular do mundo. Este artigo analisa um desses aplicativos, detalhando cada aspecto do mais baixado dispon\u00edvel at\u00e9 o momento. Desde o WhatsApp Monitorar Conversas a recursos avan\u00e7ados de Privacidade para que os usu\u00e1rios tenham a capacidade total de personalizar sua experi\u00eancia, continue lendo para ver por que este \u00e9 o melhor Controle Parental para o WhatsApp.<\/p>\n\n\n\n<div class=\"wp-block-buttons is-content-justification-center is-layout-flex wp-container-core-buttons-is-layout-16018d1d wp-block-buttons-is-layout-flex\">\n<div class=\"wp-block-button\"><a class=\"wp-block-button__link has-background wp-element-button\" href=\"http:\/\/creditodescomplicado.com.br\/ru\/monitor-whatsapp\/43\/\" style=\"background-color:#08bf4f\">COMO VER CONVERSAS DO WHATSAPP<\/a><\/div>\n<\/div>\n\n\n\n<p class=\"has-text-align-center\"><strong>Voc\u00ea permanecer\u00e1 no mesmo site \ud83d\udd12<\/strong><\/p>","protected":false},"excerpt":{"rendered":"<p>Aplicativos de monitoramento do WhatsApp \u00e9 uma das coisas obrigat\u00f3rias, n\u00e3o se deve ser acrescentado, pelo menos para os pais que quase sempre desejam proteger seus filhos digitalmente. Afinal, essa rede social curta e eficaz se tornou a base de toda a nossa comunica\u00e7\u00e3o, simplificando o processo de envio de mensagens. Ser\u00e1 muito mais f\u00e1cil&#8230;<\/p>","protected":false},"author":1,"featured_media":125,"parent":0,"menu_order":0,"comment_status":"closed","ping_status":"closed","template":"","meta":{"_kadence_starter_templates_imported_post":false,"_kad_post_transparent":"","_kad_post_title":"","_kad_post_layout":"","_kad_post_sidebar_id":"","_kad_post_content_style":"","_kad_post_vertical_padding":"","_kad_post_feature":"","_kad_post_feature_position":"","_kad_post_header":false,"_kad_post_footer":false,"footnotes":""},"class_list":["post-123","page","type-page","status-publish","has-post-thumbnail","hentry"],"_links":{"self":[{"href":"https:\/\/creditodescomplicado.com.br\/ru\/wp-json\/wp\/v2\/pages\/123","targetHints":{"allow":["GET"]}}],"collection":[{"href":"https:\/\/creditodescomplicado.com.br\/ru\/wp-json\/wp\/v2\/pages"}],"about":[{"href":"https:\/\/creditodescomplicado.com.br\/ru\/wp-json\/wp\/v2\/types\/page"}],"author":[{"embeddable":true,"href":"https:\/\/creditodescomplicado.com.br\/ru\/wp-json\/wp\/v2\/users\/1"}],"replies":[{"embeddable":true,"href":"https:\/\/creditodescomplicado.com.br\/ru\/wp-json\/wp\/v2\/comments?post=123"}],"version-history":[{"count":2,"href":"https:\/\/creditodescomplicado.com.br\/ru\/wp-json\/wp\/v2\/pages\/123\/revisions"}],"predecessor-version":[{"id":153,"href":"https:\/\/creditodescomplicado.com.br\/ru\/wp-json\/wp\/v2\/pages\/123\/revisions\/153"}],"wp:featuredmedia":[{"embeddable":true,"href":"https:\/\/creditodescomplicado.com.br\/ru\/wp-json\/wp\/v2\/media\/125"}],"wp:attachment":[{"href":"https:\/\/creditodescomplicado.com.br\/ru\/wp-json\/wp\/v2\/media?parent=123"}],"curies":[{"name":"wp","href":"https:\/\/api.w.org\/{rel}","templated":true}]}}